{"id":304,"date":"2020-11-02T14:49:14","date_gmt":"2020-11-02T13:49:14","guid":{"rendered":"http:\/\/www.autosondar.com\/?page_id=304"},"modified":"2020-11-02T15:08:13","modified_gmt":"2020-11-02T14:08:13","slug":"servicios-taller","status":"publish","type":"page","link":"https:\/\/www.autosondar.com\/?page_id=304","title":{"rendered":"TALLER"},"content":{"rendered":"\t\t<div data-elementor-type=\"wp-page\" data-elementor-id=\"304\" class=\"elementor elementor-304\">\n\t\t\t\t\t\t<section class=\"elementor-section elementor-top-section elementor-element elementor-element-bbfa438 elementor-section-boxed elementor-section-height-default elementor-section-height-default\" data-id=\"bbfa438\" data-element_type=\"section\">\n\t\t\t\t\t\t<div class=\"elementor-container elementor-column-gap-default\">\n\t\t\t\t\t<div class=\"elementor-column elementor-col-100 elementor-top-column elementor-element elementor-element-a9713a4\" data-id=\"a9713a4\" data-element_type=\"column\">\n\t\t\t<div class=\"elementor-widget-wrap elementor-element-populated\">\n\t\t\t\t\t\t\t<\/div>\n\t\t<\/div>\n\t\t\t\t\t<\/div>\n\t\t<\/section>\n\t\t\t\t<section class=\"elementor-section elementor-top-section elementor-element elementor-element-820ae1e elementor-section-boxed elementor-section-height-default elementor-section-height-default\" data-id=\"820ae1e\" data-element_type=\"section\">\n\t\t\t\t\t\t<div class=\"elementor-container elementor-column-gap-default\">\n\t\t\t\t\t<div class=\"elementor-column elementor-col-100 elementor-top-column elementor-element elementor-element-ed4271c\" data-id=\"ed4271c\" data-element_type=\"column\">\n\t\t\t<div class=\"elementor-widget-wrap elementor-element-populated\">\n\t\t\t\t\t\t<div class=\"elementor-element elementor-element-802e3e2 elementor-widget elementor-widget-image\" data-id=\"802e3e2\" data-element_type=\"widget\" data-widget_type=\"image.default\">\n\t\t\t\t<div class=\"elementor-widget-container\">\n\t\t\t\t\t\t\t\t\t\t\t\t\t<img fetchpriority=\"high\" decoding=\"async\" width=\"1024\" height=\"635\" src=\"https:\/\/www.autosondar.com\/wp-content\/uploads\/2020\/11\/taller-1024x635.jpg\" class=\"attachment-large size-large wp-image-377\" alt=\"\" srcset=\"https:\/\/www.autosondar.com\/wp-content\/uploads\/2020\/11\/taller-1024x635.jpg 1024w, https:\/\/www.autosondar.com\/wp-content\/uploads\/2020\/11\/taller-300x186.jpg 300w, https:\/\/www.autosondar.com\/wp-content\/uploads\/2020\/11\/taller-768x476.jpg 768w, https:\/\/www.autosondar.com\/wp-content\/uploads\/2020\/11\/taller.jpg 1500w\" sizes=\"(max-width: 1024px) 100vw, 1024px\" \/>\t\t\t\t\t\t\t\t\t\t\t\t\t<\/div>\n\t\t\t\t<\/div>\n\t\t\t\t<div class=\"elementor-element elementor-element-609f802 elementor-icon-list--layout-traditional elementor-list-item-link-full_width elementor-widget elementor-widget-icon-list\" data-id=\"609f802\" data-element_type=\"widget\" data-widget_type=\"icon-list.default\">\n\t\t\t\t<div class=\"elementor-widget-container\">\n\t\t\t\t\t<ul class=\"elementor-icon-list-items\">\n\t\t\t\t\t\t\t<li class=\"elementor-icon-list-item\">\n\t\t\t\t\t\t\t\t\t\t\t<span class=\"elementor-icon-list-icon\">\n\t\t\t\t\t\t\t<i aria-hidden=\"true\" class=\"fas fa-check\"><\/i>\t\t\t\t\t\t<\/span>\n\t\t\t\t\t\t\t\t\t\t<span class=\"elementor-icon-list-text\">Revisi\u00f3n Integral Pre-ITV<\/span>\n\t\t\t\t\t\t\t\t\t<\/li>\n\t\t\t\t\t\t\t\t<li class=\"elementor-icon-list-item\">\n\t\t\t\t\t\t\t\t\t\t\t<span class=\"elementor-icon-list-icon\">\n\t\t\t\t\t\t\t<i aria-hidden=\"true\" class=\"fas fa-check\"><\/i>\t\t\t\t\t\t<\/span>\n\t\t\t\t\t\t\t\t\t\t<span class=\"elementor-icon-list-text\">Neum\u00e1ticos<\/span>\n\t\t\t\t\t\t\t\t\t<\/li>\n\t\t\t\t\t\t\t\t<li class=\"elementor-icon-list-item\">\n\t\t\t\t\t\t\t\t\t\t\t<span class=\"elementor-icon-list-icon\">\n\t\t\t\t\t\t\t<i aria-hidden=\"true\" class=\"fas fa-check\"><\/i>\t\t\t\t\t\t<\/span>\n\t\t\t\t\t\t\t\t\t\t<span class=\"elementor-icon-list-text\">Ac\u00e9ite y filtros<\/span>\n\t\t\t\t\t\t\t\t\t<\/li>\n\t\t\t\t\t\t\t\t<li class=\"elementor-icon-list-item\">\n\t\t\t\t\t\t\t\t\t\t\t<span class=\"elementor-icon-list-icon\">\n\t\t\t\t\t\t\t<i aria-hidden=\"true\" class=\"fas fa-check\"><\/i>\t\t\t\t\t\t<\/span>\n\t\t\t\t\t\t\t\t\t\t<span class=\"elementor-icon-list-text\">Discos y Pastillas de freno<\/span>\n\t\t\t\t\t\t\t\t\t<\/li>\n\t\t\t\t\t\t\t\t<li class=\"elementor-icon-list-item\">\n\t\t\t\t\t\t\t\t\t\t\t<span class=\"elementor-icon-list-icon\">\n\t\t\t\t\t\t\t<i aria-hidden=\"true\" class=\"fas fa-check\"><\/i>\t\t\t\t\t\t<\/span>\n\t\t\t\t\t\t\t\t\t\t<span class=\"elementor-icon-list-text\">Embrague<\/span>\n\t\t\t\t\t\t\t\t\t<\/li>\n\t\t\t\t\t\t\t\t<li class=\"elementor-icon-list-item\">\n\t\t\t\t\t\t\t\t\t\t\t<span class=\"elementor-icon-list-icon\">\n\t\t\t\t\t\t\t<i aria-hidden=\"true\" class=\"fas fa-check\"><\/i>\t\t\t\t\t\t<\/span>\n\t\t\t\t\t\t\t\t\t\t<span class=\"elementor-icon-list-text\">Caja de cambio<\/span>\n\t\t\t\t\t\t\t\t\t<\/li>\n\t\t\t\t\t\t\t\t<li class=\"elementor-icon-list-item\">\n\t\t\t\t\t\t\t\t\t\t\t<span class=\"elementor-icon-list-icon\">\n\t\t\t\t\t\t\t<i aria-hidden=\"true\" class=\"fas fa-check\"><\/i>\t\t\t\t\t\t<\/span>\n\t\t\t\t\t\t\t\t\t\t<span class=\"elementor-icon-list-text\">Kit distribuci\u00f3n y bomba de agua<\/span>\n\t\t\t\t\t\t\t\t\t<\/li>\n\t\t\t\t\t\t<\/ul>\n\t\t\t\t<\/div>\n\t\t\t\t<\/div>\n\t\t\t\t\t<\/div>\n\t\t<\/div>\n\t\t\t\t\t<\/div>\n\t\t<\/section>\n\t\t\t\t<\/div>\n\t\t","protected":false},"excerpt":{"rendered":"<div class=\"mh-excerpt\"><p>Revisi\u00f3n Integral Pre-ITV Neum\u00e1ticos Ac\u00e9ite y filtros Discos y Pastillas de freno Embrague Caja de cambio Kit distribuci\u00f3n y bomba de agua<\/p>\n<\/div>","protected":false},"author":1,"featured_media":377,"parent":0,"menu_order":0,"comment_status":"closed","ping_status":"closed","template":"","meta":{"footnotes":""},"class_list":["post-304","page","type-page","status-publish","has-post-thumbnail","hentry"],"yoast_head":"<!-- This site is optimized with the Yoast SEO plugin v23.2 - https:\/\/yoast.com\/wordpress\/plugins\/seo\/ -->\n<title>TALLER - Autos Ondar<\/title>\n<meta name=\"robots\" content=\"index, follow, max-snippet:-1, max-image-preview:large, max-video-preview:-1\" \/>\n<link rel=\"canonical\" href=\"https:\/\/www.autosondar.com\/?page_id=304\" \/>\n<meta property=\"og:locale\" content=\"es_ES\" \/>\n<meta property=\"og:type\" content=\"article\" \/>\n<meta property=\"og:title\" content=\"TALLER - Autos Ondar\" \/>\n<meta property=\"og:description\" content=\"Revisi\u00f3n Integral Pre-ITV Neum\u00e1ticos Ac\u00e9ite y filtros Discos y Pastillas de freno Embrague Caja de cambio Kit distribuci\u00f3n y bomba de agua\" \/>\n<meta property=\"og:url\" content=\"https:\/\/www.autosondar.com\/?page_id=304\" \/>\n<meta property=\"og:site_name\" content=\"Autos Ondar\" \/>\n<meta property=\"article:modified_time\" content=\"2020-11-02T14:08:13+00:00\" \/>\n<meta property=\"og:image\" content=\"https:\/\/www.autosondar.com\/wp-content\/uploads\/2020\/11\/taller.jpg\" \/>\n\t<meta property=\"og:image:width\" content=\"1500\" \/>\n\t<meta property=\"og:image:height\" content=\"930\" \/>\n\t<meta property=\"og:image:type\" content=\"image\/jpeg\" \/>\n<meta name=\"twitter:card\" content=\"summary_large_image\" \/>\n<script type=\"application\/ld+json\" class=\"yoast-schema-graph\">{\"@context\":\"https:\/\/schema.org\",\"@graph\":[{\"@type\":\"WebPage\",\"@id\":\"https:\/\/www.autosondar.com\/?page_id=304\",\"url\":\"https:\/\/www.autosondar.com\/?page_id=304\",\"name\":\"TALLER - Autos Ondar\",\"isPartOf\":{\"@id\":\"https:\/\/www.autosondar.com\/#website\"},\"primaryImageOfPage\":{\"@id\":\"https:\/\/www.autosondar.com\/?page_id=304#primaryimage\"},\"image\":{\"@id\":\"https:\/\/www.autosondar.com\/?page_id=304#primaryimage\"},\"thumbnailUrl\":\"https:\/\/www.autosondar.com\/wp-content\/uploads\/2020\/11\/taller.jpg\",\"datePublished\":\"2020-11-02T13:49:14+00:00\",\"dateModified\":\"2020-11-02T14:08:13+00:00\",\"breadcrumb\":{\"@id\":\"https:\/\/www.autosondar.com\/?page_id=304#breadcrumb\"},\"inLanguage\":\"es\",\"potentialAction\":[{\"@type\":\"ReadAction\",\"target\":[\"https:\/\/www.autosondar.com\/?page_id=304\"]}]},{\"@type\":\"ImageObject\",\"inLanguage\":\"es\",\"@id\":\"https:\/\/www.autosondar.com\/?page_id=304#primaryimage\",\"url\":\"https:\/\/www.autosondar.com\/wp-content\/uploads\/2020\/11\/taller.jpg\",\"contentUrl\":\"https:\/\/www.autosondar.com\/wp-content\/uploads\/2020\/11\/taller.jpg\",\"width\":1500,\"height\":930},{\"@type\":\"BreadcrumbList\",\"@id\":\"https:\/\/www.autosondar.com\/?page_id=304#breadcrumb\",\"itemListElement\":[{\"@type\":\"ListItem\",\"position\":1,\"name\":\"Portada\",\"item\":\"https:\/\/www.autosondar.com\/\"},{\"@type\":\"ListItem\",\"position\":2,\"name\":\"TALLER\"}]},{\"@type\":\"WebSite\",\"@id\":\"https:\/\/www.autosondar.com\/#website\",\"url\":\"https:\/\/www.autosondar.com\/\",\"name\":\"Autos Ondar\",\"description\":\"Un buen Autom&oacute;vil Un mejor Mundo\",\"publisher\":{\"@id\":\"https:\/\/www.autosondar.com\/#organization\"},\"potentialAction\":[{\"@type\":\"SearchAction\",\"target\":{\"@type\":\"EntryPoint\",\"urlTemplate\":\"https:\/\/www.autosondar.com\/?s={search_term_string}\"},\"query-input\":\"required name=search_term_string\"}],\"inLanguage\":\"es\"},{\"@type\":\"Organization\",\"@id\":\"https:\/\/www.autosondar.com\/#organization\",\"name\":\"Autos Ondar\",\"url\":\"https:\/\/www.autosondar.com\/\",\"logo\":{\"@type\":\"ImageObject\",\"inLanguage\":\"es\",\"@id\":\"https:\/\/www.autosondar.com\/#\/schema\/logo\/image\/\",\"url\":\"http:\/\/www.autosondar.com\/wp-content\/uploads\/2020\/04\/logoautos.png\",\"contentUrl\":\"http:\/\/www.autosondar.com\/wp-content\/uploads\/2020\/04\/logoautos.png\",\"width\":100,\"height\":69,\"caption\":\"Autos Ondar\"},\"image\":{\"@id\":\"https:\/\/www.autosondar.com\/#\/schema\/logo\/image\/\"}}]}<\/script>\n<!-- \/ Yoast SEO plugin. -->","yoast_head_json":{"title":"TALLER - Autos Ondar","robots":{"index":"index","follow":"follow","max-snippet":"max-snippet:-1","max-image-preview":"max-image-preview:large","max-video-preview":"max-video-preview:-1"},"canonical":"https:\/\/www.autosondar.com\/?page_id=304","og_locale":"es_ES","og_type":"article","og_title":"TALLER - Autos Ondar","og_description":"Revisi\u00f3n Integral Pre-ITV Neum\u00e1ticos Ac\u00e9ite y filtros Discos y Pastillas de freno Embrague Caja de cambio Kit distribuci\u00f3n y bomba de agua","og_url":"https:\/\/www.autosondar.com\/?page_id=304","og_site_name":"Autos Ondar","article_modified_time":"2020-11-02T14:08:13+00:00","og_image":[{"width":1500,"height":930,"url":"https:\/\/www.autosondar.com\/wp-content\/uploads\/2020\/11\/taller.jpg","type":"image\/jpeg"}],"twitter_card":"summary_large_image","schema":{"@context":"https:\/\/schema.org","@graph":[{"@type":"WebPage","@id":"https:\/\/www.autosondar.com\/?page_id=304","url":"https:\/\/www.autosondar.com\/?page_id=304","name":"TALLER - Autos Ondar","isPartOf":{"@id":"https:\/\/www.autosondar.com\/#website"},"primaryImageOfPage":{"@id":"https:\/\/www.autosondar.com\/?page_id=304#primaryimage"},"image":{"@id":"https:\/\/www.autosondar.com\/?page_id=304#primaryimage"},"thumbnailUrl":"https:\/\/www.autosondar.com\/wp-content\/uploads\/2020\/11\/taller.jpg","datePublished":"2020-11-02T13:49:14+00:00","dateModified":"2020-11-02T14:08:13+00:00","breadcrumb":{"@id":"https:\/\/www.autosondar.com\/?page_id=304#breadcrumb"},"inLanguage":"es","potentialAction":[{"@type":"ReadAction","target":["https:\/\/www.autosondar.com\/?page_id=304"]}]},{"@type":"ImageObject","inLanguage":"es","@id":"https:\/\/www.autosondar.com\/?page_id=304#primaryimage","url":"https:\/\/www.autosondar.com\/wp-content\/uploads\/2020\/11\/taller.jpg","contentUrl":"https:\/\/www.autosondar.com\/wp-content\/uploads\/2020\/11\/taller.jpg","width":1500,"height":930},{"@type":"BreadcrumbList","@id":"https:\/\/www.autosondar.com\/?page_id=304#breadcrumb","itemListElement":[{"@type":"ListItem","position":1,"name":"Portada","item":"https:\/\/www.autosondar.com\/"},{"@type":"ListItem","position":2,"name":"TALLER"}]},{"@type":"WebSite","@id":"https:\/\/www.autosondar.com\/#website","url":"https:\/\/www.autosondar.com\/","name":"Autos Ondar","description":"Un buen Autom&oacute;vil Un mejor Mundo","publisher":{"@id":"https:\/\/www.autosondar.com\/#organization"},"potentialAction":[{"@type":"SearchAction","target":{"@type":"EntryPoint","urlTemplate":"https:\/\/www.autosondar.com\/?s={search_term_string}"},"query-input":"required name=search_term_string"}],"inLanguage":"es"},{"@type":"Organization","@id":"https:\/\/www.autosondar.com\/#organization","name":"Autos Ondar","url":"https:\/\/www.autosondar.com\/","logo":{"@type":"ImageObject","inLanguage":"es","@id":"https:\/\/www.autosondar.com\/#\/schema\/logo\/image\/","url":"http:\/\/www.autosondar.com\/wp-content\/uploads\/2020\/04\/logoautos.png","contentUrl":"http:\/\/www.autosondar.com\/wp-content\/uploads\/2020\/04\/logoautos.png","width":100,"height":69,"caption":"Autos Ondar"},"image":{"@id":"https:\/\/www.autosondar.com\/#\/schema\/logo\/image\/"}}]}},"_links":{"self":[{"href":"https:\/\/www.autosondar.com\/index.php?rest_route=\/wp\/v2\/pages\/304"}],"collection":[{"href":"https:\/\/www.autosondar.com\/index.php?rest_route=\/wp\/v2\/pages"}],"about":[{"href":"https:\/\/www.autosondar.com\/index.php?rest_route=\/wp\/v2\/types\/page"}],"author":[{"embeddable":true,"href":"https:\/\/www.autosondar.com\/index.php?rest_route=\/wp\/v2\/users\/1"}],"replies":[{"embeddable":true,"href":"https:\/\/www.autosondar.com\/index.php?rest_route=%2Fwp%2Fv2%2Fcomments&post=304"}],"version-history":[{"count":6,"href":"https:\/\/www.autosondar.com\/index.php?rest_route=\/wp\/v2\/pages\/304\/revisions"}],"predecessor-version":[{"id":380,"href":"https:\/\/www.autosondar.com\/index.php?rest_route=\/wp\/v2\/pages\/304\/revisions\/380"}],"wp:featuredmedia":[{"embeddable":true,"href":"https:\/\/www.autosondar.com\/index.php?rest_route=\/wp\/v2\/media\/377"}],"wp:attachment":[{"href":"https:\/\/www.autosondar.com\/index.php?rest_route=%2Fwp%2Fv2%2Fmedia&parent=304"}],"curies":[{"name":"wp","href":"https:\/\/api.w.org\/{rel}","templated":true}]}}