{"id":30,"date":"2020-04-07T15:53:56","date_gmt":"2020-04-07T14:53:56","guid":{"rendered":"http:\/\/www.autosondar.com\/?page_id=30"},"modified":"2020-04-08T18:50:54","modified_gmt":"2020-04-08T17:50:54","slug":"historia","status":"publish","type":"page","link":"https:\/\/www.autosondar.com\/?page_id=30","title":{"rendered":"HISTORIA"},"content":{"rendered":"\n<p style=\"text-align: justify;\">Esta empresa fue creada en M\u00e9rida en a\u00f1o 93, procedente de un largo historial comprometido con concesionarios de primeras marcas relacionadas al vehiculo nuevo y de ocasi\u00f3n.<\/p>\n<p style=\"text-align: justify;\">En Abril del 2005 AUTOS ONDAR abri\u00f3 las puertas de sus nuevas instalaciones sitas en la Ctra. De Valverde, Km 1, de M\u00e9rida con m\u00e1s de 1000m cuadrados de instalaciones, incluyendo gran superficie de aparcamiento.<\/p>\n<p style=\"text-align: justify;\">Nuestro objetivo fue desde un principio hacer prevaler la calidad de los veh\u00edculos y una m\u00e1xima calidad de oferta y un buen servicio al cliente.<\/p>\n<p style=\"text-align: justify;\">El placer por los autom\u00f3viles, el entusiasmo por nuestro trabajo y la responsabilidad respecto a nuestros suministradores y clientes, para nosotros, todo esto no es filosof\u00eda de empresa sino nuestro d\u00eda a d\u00eda.<\/p>\n<p style=\"text-align: justify;\">Empresa dedicada a la venta de veh\u00edculos de ocasi\u00f3n y especializada en importaci\u00f3n de veh\u00edculos de alta gama procedentes de concesionarios oficinales, totalmente revisados y garantizados, importados directamente por el propio responsable sin intermediarios ni comisionistas.<\/p>\n<p style=\"text-align: justify;\">Elige tu coche de importaci\u00f3n a la carta en las mejores condiciones, al mejor precio y con entrega inmediata.<\/p>\n<p style=\"text-align: justify;\">Tambi\u00e9n dedicada a la venta de veh\u00edculos industriales, accesorios, remolques, caravanas y casas de madera.<\/p>\n<p style=\"text-align: justify;\">Autos Ondar dispone de unas ventajas post-venta exclusivas para sus clientes como son el mantenimiento, cuidado y reparaci\u00f3n, ya que disponemos de talleres propios en nuestras instalaciones.<\/p>\n<p style=\"text-align: justify;\">Financiamos su compra hasta el 100% del importe total, a su medida y sin entrada.<\/p>\n<p style=\"text-align: justify;\">Autos Ondar, forma a sus operarios, para poderles atender como Uds. se merecen.<\/p>\n<p style=\"text-align: justify;\">Hasta ahora han apostado por nosotros y nos hemos ganado la gran confianza de nuestros clientes, ofreciendo nuestros mejores productos y servicios.<\/p>\n<p style=\"text-align: justify;\"><br>Autos Ondar, significa seriedad y calidad.<\/p>\n<p style=\"text-align: justify;\">Venga a visitarnos, disfrutar\u00e1 de nuestra variedad de productos, sin ning\u00fan compromiso.<\/p>\n\n\n\n<p><\/p>\n","protected":false},"excerpt":{"rendered":"<div class=\"mh-excerpt\"><p>Esta empresa fue creada en M\u00e9rida en a\u00f1o 93, procedente de un largo historial comprometido con concesionarios de primeras marcas relacionadas al vehiculo nuevo y <a class=\"mh-excerpt-more\" href=\"https:\/\/www.autosondar.com\/?page_id=30\" title=\"HISTORIA\">[&#8230;]<\/a><\/p>\n<\/div>","protected":false},"author":1,"featured_media":0,"parent":0,"menu_order":0,"comment_status":"closed","ping_status":"closed","template":"","meta":{"footnotes":""},"class_list":["post-30","page","type-page","status-publish","hentry"],"yoast_head":"<!-- This site is optimized with the Yoast SEO plugin v23.2 - https:\/\/yoast.com\/wordpress\/plugins\/seo\/ -->\n<title>HISTORIA - Autos Ondar<\/title>\n<meta name=\"robots\" content=\"index, follow, max-snippet:-1, max-image-preview:large, max-video-preview:-1\" \/>\n<link rel=\"canonical\" href=\"https:\/\/www.autosondar.com\/?page_id=30\" \/>\n<meta property=\"og:locale\" content=\"es_ES\" \/>\n<meta property=\"og:type\" content=\"article\" \/>\n<meta property=\"og:title\" content=\"HISTORIA - Autos Ondar\" \/>\n<meta property=\"og:description\" content=\"Esta empresa fue creada en M\u00e9rida en a\u00f1o 93, procedente de un largo historial comprometido con concesionarios de primeras marcas relacionadas al vehiculo nuevo y [...]\" \/>\n<meta property=\"og:url\" content=\"https:\/\/www.autosondar.com\/?page_id=30\" \/>\n<meta property=\"og:site_name\" content=\"Autos Ondar\" \/>\n<meta property=\"article:modified_time\" content=\"2020-04-08T17:50:54+00:00\" \/>\n<meta name=\"twitter:card\" content=\"summary_large_image\" \/>\n<meta name=\"twitter:label1\" content=\"Tiempo de lectura\" \/>\n\t<meta name=\"twitter:data1\" content=\"2 minutos\" \/>\n<script type=\"application\/ld+json\" class=\"yoast-schema-graph\">{\"@context\":\"https:\/\/schema.org\",\"@graph\":[{\"@type\":\"WebPage\",\"@id\":\"https:\/\/www.autosondar.com\/?page_id=30\",\"url\":\"https:\/\/www.autosondar.com\/?page_id=30\",\"name\":\"HISTORIA - Autos Ondar\",\"isPartOf\":{\"@id\":\"https:\/\/www.autosondar.com\/#website\"},\"datePublished\":\"2020-04-07T14:53:56+00:00\",\"dateModified\":\"2020-04-08T17:50:54+00:00\",\"breadcrumb\":{\"@id\":\"https:\/\/www.autosondar.com\/?page_id=30#breadcrumb\"},\"inLanguage\":\"es\",\"potentialAction\":[{\"@type\":\"ReadAction\",\"target\":[\"https:\/\/www.autosondar.com\/?page_id=30\"]}]},{\"@type\":\"BreadcrumbList\",\"@id\":\"https:\/\/www.autosondar.com\/?page_id=30#breadcrumb\",\"itemListElement\":[{\"@type\":\"ListItem\",\"position\":1,\"name\":\"Portada\",\"item\":\"https:\/\/www.autosondar.com\/\"},{\"@type\":\"ListItem\",\"position\":2,\"name\":\"HISTORIA\"}]},{\"@type\":\"WebSite\",\"@id\":\"https:\/\/www.autosondar.com\/#website\",\"url\":\"https:\/\/www.autosondar.com\/\",\"name\":\"Autos Ondar\",\"description\":\"Un buen Autom&oacute;vil Un mejor Mundo\",\"publisher\":{\"@id\":\"https:\/\/www.autosondar.com\/#organization\"},\"potentialAction\":[{\"@type\":\"SearchAction\",\"target\":{\"@type\":\"EntryPoint\",\"urlTemplate\":\"https:\/\/www.autosondar.com\/?s={search_term_string}\"},\"query-input\":\"required name=search_term_string\"}],\"inLanguage\":\"es\"},{\"@type\":\"Organization\",\"@id\":\"https:\/\/www.autosondar.com\/#organization\",\"name\":\"Autos Ondar\",\"url\":\"https:\/\/www.autosondar.com\/\",\"logo\":{\"@type\":\"ImageObject\",\"inLanguage\":\"es\",\"@id\":\"https:\/\/www.autosondar.com\/#\/schema\/logo\/image\/\",\"url\":\"http:\/\/www.autosondar.com\/wp-content\/uploads\/2020\/04\/logoautos.png\",\"contentUrl\":\"http:\/\/www.autosondar.com\/wp-content\/uploads\/2020\/04\/logoautos.png\",\"width\":100,\"height\":69,\"caption\":\"Autos Ondar\"},\"image\":{\"@id\":\"https:\/\/www.autosondar.com\/#\/schema\/logo\/image\/\"}}]}<\/script>\n<!-- \/ Yoast SEO plugin. -->","yoast_head_json":{"title":"HISTORIA - Autos Ondar","robots":{"index":"index","follow":"follow","max-snippet":"max-snippet:-1","max-image-preview":"max-image-preview:large","max-video-preview":"max-video-preview:-1"},"canonical":"https:\/\/www.autosondar.com\/?page_id=30","og_locale":"es_ES","og_type":"article","og_title":"HISTORIA - Autos Ondar","og_description":"Esta empresa fue creada en M\u00e9rida en a\u00f1o 93, procedente de un largo historial comprometido con concesionarios de primeras marcas relacionadas al vehiculo nuevo y [...]","og_url":"https:\/\/www.autosondar.com\/?page_id=30","og_site_name":"Autos Ondar","article_modified_time":"2020-04-08T17:50:54+00:00","twitter_card":"summary_large_image","twitter_misc":{"Tiempo de lectura":"2 minutos"},"schema":{"@context":"https:\/\/schema.org","@graph":[{"@type":"WebPage","@id":"https:\/\/www.autosondar.com\/?page_id=30","url":"https:\/\/www.autosondar.com\/?page_id=30","name":"HISTORIA - Autos Ondar","isPartOf":{"@id":"https:\/\/www.autosondar.com\/#website"},"datePublished":"2020-04-07T14:53:56+00:00","dateModified":"2020-04-08T17:50:54+00:00","breadcrumb":{"@id":"https:\/\/www.autosondar.com\/?page_id=30#breadcrumb"},"inLanguage":"es","potentialAction":[{"@type":"ReadAction","target":["https:\/\/www.autosondar.com\/?page_id=30"]}]},{"@type":"BreadcrumbList","@id":"https:\/\/www.autosondar.com\/?page_id=30#breadcrumb","itemListElement":[{"@type":"ListItem","position":1,"name":"Portada","item":"https:\/\/www.autosondar.com\/"},{"@type":"ListItem","position":2,"name":"HISTORIA"}]},{"@type":"WebSite","@id":"https:\/\/www.autosondar.com\/#website","url":"https:\/\/www.autosondar.com\/","name":"Autos Ondar","description":"Un buen Autom&oacute;vil Un mejor Mundo","publisher":{"@id":"https:\/\/www.autosondar.com\/#organization"},"potentialAction":[{"@type":"SearchAction","target":{"@type":"EntryPoint","urlTemplate":"https:\/\/www.autosondar.com\/?s={search_term_string}"},"query-input":"required name=search_term_string"}],"inLanguage":"es"},{"@type":"Organization","@id":"https:\/\/www.autosondar.com\/#organization","name":"Autos Ondar","url":"https:\/\/www.autosondar.com\/","logo":{"@type":"ImageObject","inLanguage":"es","@id":"https:\/\/www.autosondar.com\/#\/schema\/logo\/image\/","url":"http:\/\/www.autosondar.com\/wp-content\/uploads\/2020\/04\/logoautos.png","contentUrl":"http:\/\/www.autosondar.com\/wp-content\/uploads\/2020\/04\/logoautos.png","width":100,"height":69,"caption":"Autos Ondar"},"image":{"@id":"https:\/\/www.autosondar.com\/#\/schema\/logo\/image\/"}}]}},"_links":{"self":[{"href":"https:\/\/www.autosondar.com\/index.php?rest_route=\/wp\/v2\/pages\/30"}],"collection":[{"href":"https:\/\/www.autosondar.com\/index.php?rest_route=\/wp\/v2\/pages"}],"about":[{"href":"https:\/\/www.autosondar.com\/index.php?rest_route=\/wp\/v2\/types\/page"}],"author":[{"embeddable":true,"href":"https:\/\/www.autosondar.com\/index.php?rest_route=\/wp\/v2\/users\/1"}],"replies":[{"embeddable":true,"href":"https:\/\/www.autosondar.com\/index.php?rest_route=%2Fwp%2Fv2%2Fcomments&post=30"}],"version-history":[{"count":9,"href":"https:\/\/www.autosondar.com\/index.php?rest_route=\/wp\/v2\/pages\/30\/revisions"}],"predecessor-version":[{"id":266,"href":"https:\/\/www.autosondar.com\/index.php?rest_route=\/wp\/v2\/pages\/30\/revisions\/266"}],"wp:attachment":[{"href":"https:\/\/www.autosondar.com\/index.php?rest_route=%2Fwp%2Fv2%2Fmedia&parent=30"}],"curies":[{"name":"wp","href":"https:\/\/api.w.org\/{rel}","templated":true}]}}